{"id":201,"date":"2021-03-14T19:24:12","date_gmt":"2021-03-14T18:24:12","guid":{"rendered":"https:\/\/www.lec24.es\/?page_id=201"},"modified":"2021-04-05T09:03:34","modified_gmt":"2021-04-05T08:03:34","slug":"clasicos","status":"publish","type":"page","link":"https:\/\/www.lec24.es\/index.php\/clasicos\/","title":{"rendered":"Cl\u00e1sicos"},"content":{"rendered":"\t\t<div data-elementor-type=\"wp-page\" data-elementor-id=\"201\" class=\"elementor elementor-201\">\n\t\t\t\t\t\t\t\t\t<section class=\"elementor-section elementor-top-section elementor-element elementor-element-41c8f749 elementor-section-content-top elementor-section-stretched elementor-section-boxed elementor-section-height-default elementor-section-height-default\" data-id=\"41c8f749\" data-element_type=\"section\" data-settings=\"{&quot;background_background&quot;:&quot;classic&quot;,&quot;stretch_section&quot;:&quot;section-stretched&quot;}\">\n\t\t\t\t\t\t<div class=\"elementor-container elementor-column-gap-narrow\">\n\t\t\t\t\t<div class=\"elementor-column elementor-col-50 elementor-top-column elementor-element elementor-element-1b5e819\" data-id=\"1b5e819\" data-element_type=\"column\" data-settings=\"{&quot;background_background&quot;:&quot;classic&quot;}\">\n\t\t\t<div class=\"elementor-widget-wrap elementor-element-populated\">\n\t\t\t\t\t\t\t\t<div class=\"elementor-element elementor-element-d722a7f elementor-widget elementor-widget-image\" data-id=\"d722a7f\" data-element_type=\"widget\" data-widget_type=\"image.default\">\n\t\t\t\t<div class=\"elementor-widget-container\">\n\t\t\t\t\t\t\t\t\t\t\t\t\t\t\t<img loading=\"lazy\" decoding=\"async\" width=\"394\" height=\"690\" src=\"https:\/\/www.lec24.es\/wp-content\/uploads\/2021\/03\/banner_clasico.jpg\" class=\"attachment-large size-large wp-image-573\" alt=\"\" srcset=\"https:\/\/www.lec24.es\/wp-content\/uploads\/2021\/03\/banner_clasico.jpg 394w, https:\/\/www.lec24.es\/wp-content\/uploads\/2021\/03\/banner_clasico-171x300.jpg 171w\" sizes=\"auto, (max-width: 394px) 100vw, 394px\" \/>\t\t\t\t\t\t\t\t\t\t\t\t\t\t\t<\/div>\n\t\t\t\t<\/div>\n\t\t\t\t\t<\/div>\n\t\t<\/div>\n\t\t\t\t<div class=\"elementor-column elementor-col-50 elementor-top-column elementor-element elementor-element-5444fd2f\" data-id=\"5444fd2f\" data-element_type=\"column\" data-settings=\"{&quot;background_background&quot;:&quot;classic&quot;}\">\n\t\t\t<div class=\"elementor-widget-wrap elementor-element-populated\">\n\t\t\t\t\t\t\t\t<div class=\"elementor-element elementor-element-2f455cc4 elementor-widget elementor-widget-text-editor\" data-id=\"2f455cc4\" data-element_type=\"widget\" data-widget_type=\"text-editor.default\">\n\t\t\t\t<div class=\"elementor-widget-container\">\n\t\t\t\t\t\t\t<h1><span style=\"color: #999999;\"><strong>LEC24 CL\u00c1SICOS<\/strong><\/span><\/h1>\t\t\t\t\t\t<\/div>\n\t\t\t\t<\/div>\n\t\t\t\t<div class=\"elementor-element elementor-element-9198fb5 elementor-widget elementor-widget-text-editor\" data-id=\"9198fb5\" data-element_type=\"widget\" data-widget_type=\"text-editor.default\">\n\t\t\t\t<div class=\"elementor-widget-container\">\n\t\t\t\t\t\t\t<p><span style=\"color: #b5b5b5;\">Nos encantan los coches cl\u00e1sicos y sabemos lo que significan para sus due\u00f1os. No dudes en preguntarnos por nuestros servicios. Trataremos tu cl\u00e1sico con el cuidado y cari\u00f1o que se merece para que su legado quede intacto a lo largo del tiempo.<\/span><\/p>\t\t\t\t\t\t<\/div>\n\t\t\t\t<\/div>\n\t\t\t\t<div class=\"elementor-element elementor-element-2fc22bbc elementor-widget elementor-widget-text-editor\" data-id=\"2fc22bbc\" data-element_type=\"widget\" data-widget_type=\"text-editor.default\">\n\t\t\t\t<div class=\"elementor-widget-container\">\n\t\t\t\t\t\t\t<p><span style=\"color: #333333;\">En LEC24 podemos encargarnos de tu cl\u00e1sico, ya sea para el mantenimiento, reparaci\u00f3n, lavado y cuidado interior y exterior, revisiones antes de ocasiones especiales y cualquier otro servicio que puedas necesitar.<\/span><\/p><p><span style=\"font-weight: 400; color: #333333;\">Desde nuestra oficina te localizaremos piezas y repuestos en cualquier lugar del planeta, podemos conectar con comunidades de usuarios de Estados Unidos, Reino unido, Alemania, Francia, Italia&#8230;<\/span><\/p>\t\t\t\t\t\t<\/div>\n\t\t\t\t<\/div>\n\t\t\t\t<div class=\"elementor-element elementor-element-54dd4665 elementor-widget elementor-widget-text-editor\" data-id=\"54dd4665\" data-element_type=\"widget\" data-widget_type=\"text-editor.default\">\n\t\t\t\t<div class=\"elementor-widget-container\">\n\t\t\t\t\t\t\t<p><span style=\"color: #808080;\">Nuestro servicio de tapicer\u00eda y carrocer\u00eda especiales para cl\u00e1sicos asegura que tu coche preferido resista al paso del tiempo a la vez que puedas utilizarlo.Porque&#8230; \u00bfQui\u00e9n quiere un cl\u00e1sico si no es para conducirlo?\u00a0<\/span><\/p>\t\t\t\t\t\t<\/div>\n\t\t\t\t<\/div>\n\t\t\t\t\t<\/div>\n\t\t<\/div>\n\t\t\t\t\t\t\t<\/div>\n\t\t<\/section>\n\t\t\t\t<section class=\"elementor-section elementor-top-section elementor-element elementor-element-a5aa753 elementor-section-boxed elementor-section-height-default elementor-section-height-default\" data-id=\"a5aa753\" data-element_type=\"section\">\n\t\t\t\t\t\t<div class=\"elementor-container elementor-column-gap-default\">\n\t\t\t\t\t<div class=\"elementor-column elementor-col-100 elementor-top-column elementor-element elementor-element-31dfd34\" data-id=\"31dfd34\" data-element_type=\"column\">\n\t\t\t<div class=\"elementor-widget-wrap elementor-element-populated\">\n\t\t\t\t\t\t\t\t<div class=\"elementor-element elementor-element-894aecd elementor-widget elementor-widget-image\" data-id=\"894aecd\" data-element_type=\"widget\" data-widget_type=\"image.default\">\n\t\t\t\t<div class=\"elementor-widget-container\">\n\t\t\t\t\t\t\t\t\t\t\t\t\t\t\t<img loading=\"lazy\" decoding=\"async\" width=\"2560\" height=\"223\" src=\"https:\/\/www.lec24.es\/wp-content\/uploads\/2021\/04\/veteran_castrol-scaled.jpg\" class=\"attachment-full size-full wp-image-637\" alt=\"\" srcset=\"https:\/\/www.lec24.es\/wp-content\/uploads\/2021\/04\/veteran_castrol-scaled.jpg 2560w, https:\/\/www.lec24.es\/wp-content\/uploads\/2021\/04\/veteran_castrol-300x26.jpg 300w, https:\/\/www.lec24.es\/wp-content\/uploads\/2021\/04\/veteran_castrol-1024x89.jpg 1024w, https:\/\/www.lec24.es\/wp-content\/uploads\/2021\/04\/veteran_castrol-768x67.jpg 768w, https:\/\/www.lec24.es\/wp-content\/uploads\/2021\/04\/veteran_castrol-1536x134.jpg 1536w, https:\/\/www.lec24.es\/wp-content\/uploads\/2021\/04\/veteran_castrol-2048x179.jpg 2048w\" sizes=\"auto, (max-width: 2560px) 100vw, 2560px\" \/>\t\t\t\t\t\t\t\t\t\t\t\t\t\t\t<\/div>\n\t\t\t\t<\/div>\n\t\t\t\t\t<\/div>\n\t\t<\/div>\n\t\t\t\t\t\t\t<\/div>\n\t\t<\/section>\n\t\t\t\t\t\t\t<\/div>\n\t\t","protected":false},"excerpt":{"rendered":"<p>LEC24 CL\u00c1SICOS Nos encantan los coches cl\u00e1sicos y sabemos lo que significan para sus due\u00f1os. No dudes en preguntarnos por nuestros servicios. Trataremos tu cl\u00e1sico con el cuidado y cari\u00f1o que se merece para que su legado quede intacto a lo largo del tiempo. En LEC24 podemos encargarnos de tu cl\u00e1sico, ya sea para el [&hellip;]<\/p>\n","protected":false},"author":1,"featured_media":0,"parent":0,"menu_order":0,"comment_status":"closed","ping_status":"closed","template":"","meta":{"_regular_price":[],"currency_symbol":[],"footnotes":""},"class_list":["post-201","page","type-page","status-publish","hentry"],"post_slider_layout_featured_media_urls":{"thumbnail":"","post_slider_layout_landscape_large":"","post_slider_layout_portrait_large":"","post_slider_layout_square_large":"","post_slider_layout_landscape":"","post_slider_layout_portrait":"","post_slider_layout_square":"","full":""},"_links":{"self":[{"href":"https:\/\/www.lec24.es\/index.php\/wp-json\/wp\/v2\/pages\/201","targetHints":{"allow":["GET"]}}],"collection":[{"href":"https:\/\/www.lec24.es\/index.php\/wp-json\/wp\/v2\/pages"}],"about":[{"href":"https:\/\/www.lec24.es\/index.php\/wp-json\/wp\/v2\/types\/page"}],"author":[{"embeddable":true,"href":"https:\/\/www.lec24.es\/index.php\/wp-json\/wp\/v2\/users\/1"}],"replies":[{"embeddable":true,"href":"https:\/\/www.lec24.es\/index.php\/wp-json\/wp\/v2\/comments?post=201"}],"version-history":[{"count":79,"href":"https:\/\/www.lec24.es\/index.php\/wp-json\/wp\/v2\/pages\/201\/revisions"}],"predecessor-version":[{"id":640,"href":"https:\/\/www.lec24.es\/index.php\/wp-json\/wp\/v2\/pages\/201\/revisions\/640"}],"wp:attachment":[{"href":"https:\/\/www.lec24.es\/index.php\/wp-json\/wp\/v2\/media?parent=201"}],"curies":[{"name":"wp","href":"https:\/\/api.w.org\/{rel}","templated":true}]}}