{"id":203,"date":"2021-03-14T19:24:51","date_gmt":"2021-03-14T18:24:51","guid":{"rendered":"https:\/\/www.lec24.es\/?page_id=203"},"modified":"2022-04-13T21:02:11","modified_gmt":"2022-04-13T20:02:11","slug":"lec24","status":"publish","type":"page","link":"https:\/\/www.lec24.es\/index.php\/lec24\/","title":{"rendered":"LEC24"},"content":{"rendered":"\t\t<div data-elementor-type=\"wp-page\" data-elementor-id=\"203\" class=\"elementor elementor-203\">\n\t\t\t\t\t\t\t\t\t<section class=\"elementor-section elementor-top-section elementor-element elementor-element-59fc5ece elementor-section-full_width elementor-section-content-middle elementor-section-height-default elementor-section-height-default\" data-id=\"59fc5ece\" data-element_type=\"section\" data-settings=\"{&quot;background_background&quot;:&quot;classic&quot;}\">\n\t\t\t\t\t\t<div class=\"elementor-container elementor-column-gap-no\">\n\t\t\t\t\t<div class=\"elementor-column elementor-col-50 elementor-top-column elementor-element elementor-element-921a0e6\" data-id=\"921a0e6\" data-element_type=\"column\">\n\t\t\t<div class=\"elementor-widget-wrap elementor-element-populated\">\n\t\t\t\t\t\t\t\t<div class=\"elementor-element elementor-element-0be5afe elementor-widget elementor-widget-image\" data-id=\"0be5afe\" data-element_type=\"widget\" data-widget_type=\"image.default\">\n\t\t\t\t<div class=\"elementor-widget-container\">\n\t\t\t\t\t\t\t\t\t\t\t\t\t\t\t<img loading=\"lazy\" decoding=\"async\" width=\"2209\" height=\"2560\" src=\"https:\/\/www.lec24.es\/wp-content\/uploads\/2022\/04\/20211012_082833-scaled.jpg\" class=\"attachment-full size-full wp-image-800\" alt=\"\" srcset=\"https:\/\/www.lec24.es\/wp-content\/uploads\/2022\/04\/20211012_082833-scaled.jpg 2209w, https:\/\/www.lec24.es\/wp-content\/uploads\/2022\/04\/20211012_082833-259x300.jpg 259w, https:\/\/www.lec24.es\/wp-content\/uploads\/2022\/04\/20211012_082833-884x1024.jpg 884w, https:\/\/www.lec24.es\/wp-content\/uploads\/2022\/04\/20211012_082833-768x890.jpg 768w, https:\/\/www.lec24.es\/wp-content\/uploads\/2022\/04\/20211012_082833-1325x1536.jpg 1325w, https:\/\/www.lec24.es\/wp-content\/uploads\/2022\/04\/20211012_082833-1767x2048.jpg 1767w\" sizes=\"auto, (max-width: 2209px) 100vw, 2209px\" \/>\t\t\t\t\t\t\t\t\t\t\t\t\t\t\t<\/div>\n\t\t\t\t<\/div>\n\t\t\t\t\t<\/div>\n\t\t<\/div>\n\t\t\t\t<div class=\"elementor-column elementor-col-50 elementor-top-column elementor-element elementor-element-59565d0f\" data-id=\"59565d0f\" data-element_type=\"column\">\n\t\t\t<div class=\"elementor-widget-wrap elementor-element-populated\">\n\t\t\t\t\t\t\t\t<div class=\"elementor-element elementor-element-1034915 elementor-widget elementor-widget-text-editor\" data-id=\"1034915\" data-element_type=\"widget\" data-widget_type=\"text-editor.default\">\n\t\t\t\t<div class=\"elementor-widget-container\">\n\t\t\t\t\t\t\t<p><span style=\"font-family: 'Open Sans'; font-size: 18px; color: #969696;\">Somos un taller mec\u00e1nico situado en la localidad madrile\u00f1a de Gri\u00f1\u00f3n. Abrimos nuestras puertas en 2016 y en 2021 nos hemos trasladado al Pol\u00edgono de la Estaci\u00f3n.<\/span><\/p>\t\t\t\t\t\t<\/div>\n\t\t\t\t<\/div>\n\t\t\t\t<div class=\"elementor-element elementor-element-5cfa4fc6 elementor-widget elementor-widget-text-editor\" data-id=\"5cfa4fc6\" data-element_type=\"widget\" data-widget_type=\"text-editor.default\">\n\t\t\t\t<div class=\"elementor-widget-container\">\n\t\t\t\t\t\t\t<p><span style=\"color: #363333;\">Hacemos todo tipo de trabajos de mec\u00e1nica general y servicio express para mantenimiento y revisiones as\u00ed como aire acondicionado, neum\u00e1ticos, paralelo (alineaci\u00f3n), suspensiones etc.<\/span><\/p><p><span style=\"color: #363333;\">Adem\u00e1s realizamos trabajos de reconstrucci\u00f3n de motores, diagnosis y comprobaci\u00f3n, electricidad, reparaci\u00f3n de centralitas, sistemas de navegaci\u00f3n, car audio, cambios autom\u00e1ticos&#8230;\u00a0<\/span><\/p><p><span style=\"color: #363333;\">Disponemos de coches de sustituci\u00f3n as\u00ed como un servicio de recogida y entrega a domicilio. Trabajamos con seguros de garant\u00eda mec\u00e1nicas para coches seminuevos. Trabajamos con las mejoras marcas de recambios y de neum\u00e1ticos.\u00a0<\/span><\/p><p><span style=\"color: #363333;\">Si tienes un veh\u00edculo cl\u00e1sico (oldtimer\/youngtimer) al que le tienes especial cari\u00f1o, disponemos de un servicio de reparaci\u00f3n y mantenimiento de cl\u00e1sicos, para que siempre est\u00e9n a punto para disfrutarlos!<\/span><\/p>\t\t\t\t\t\t<\/div>\n\t\t\t\t<\/div>\n\t\t\t\t<div class=\"elementor-element elementor-element-2cb31da7 elementor-widget elementor-widget-text-editor\" data-id=\"2cb31da7\" data-element_type=\"widget\" data-widget_type=\"text-editor.default\">\n\t\t\t\t<div class=\"elementor-widget-container\">\n\t\t\t\t\t\t\t<p><span style=\"color: #8f8f8f;\">Nos encanta el trato cercano con el cliente as\u00ed que no dudes en pasar a visitarnos, estaremos encantados de atenderte.<\/span><\/p>\t\t\t\t\t\t<\/div>\n\t\t\t\t<\/div>\n\t\t\t\t\t<\/div>\n\t\t<\/div>\n\t\t\t\t\t\t\t<\/div>\n\t\t<\/section>\n\t\t\t\t<section class=\"elementor-section elementor-top-section elementor-element elementor-element-57f7ab1 elementor-section-boxed elementor-section-height-default elementor-section-height-default\" data-id=\"57f7ab1\" data-element_type=\"section\">\n\t\t\t\t\t\t<div class=\"elementor-container elementor-column-gap-default\">\n\t\t\t\t\t<div class=\"elementor-column elementor-col-100 elementor-top-column elementor-element elementor-element-1eb4715\" data-id=\"1eb4715\" data-element_type=\"column\">\n\t\t\t<div class=\"elementor-widget-wrap elementor-element-populated\">\n\t\t\t\t\t\t\t\t<div class=\"elementor-element elementor-element-8d0a718 elementor-widget elementor-widget-image\" data-id=\"8d0a718\" data-element_type=\"widget\" data-widget_type=\"image.default\">\n\t\t\t\t<div class=\"elementor-widget-container\">\n\t\t\t\t\t\t\t\t\t\t\t\t\t\t\t<img decoding=\"async\" src=\"https:\/\/www.lec24.es\/wp-content\/uploads\/2021\/03\/footer_castrol.png\" title=\"\" alt=\"\" loading=\"lazy\" \/>\t\t\t\t\t\t\t\t\t\t\t\t\t\t\t<\/div>\n\t\t\t\t<\/div>\n\t\t\t\t\t<\/div>\n\t\t<\/div>\n\t\t\t\t\t\t\t<\/div>\n\t\t<\/section>\n\t\t\t\t\t\t\t<\/div>\n\t\t","protected":false},"excerpt":{"rendered":"<p>Somos un taller mec\u00e1nico situado en la localidad madrile\u00f1a de Gri\u00f1\u00f3n. Abrimos nuestras puertas en 2016 y en 2021 nos hemos trasladado al Pol\u00edgono de la Estaci\u00f3n. Hacemos todo tipo de trabajos de mec\u00e1nica general y servicio express para mantenimiento y revisiones as\u00ed como aire acondicionado, neum\u00e1ticos, paralelo (alineaci\u00f3n), suspensiones etc. Adem\u00e1s realizamos trabajos de [&hellip;]<\/p>\n","protected":false},"author":1,"featured_media":0,"parent":0,"menu_order":0,"comment_status":"closed","ping_status":"closed","template":"","meta":{"_regular_price":[],"currency_symbol":[],"footnotes":""},"class_list":["post-203","page","type-page","status-publish","hentry"],"post_slider_layout_featured_media_urls":{"thumbnail":"","post_slider_layout_landscape_large":"","post_slider_layout_portrait_large":"","post_slider_layout_square_large":"","post_slider_layout_landscape":"","post_slider_layout_portrait":"","post_slider_layout_square":"","full":""},"_links":{"self":[{"href":"https:\/\/www.lec24.es\/index.php\/wp-json\/wp\/v2\/pages\/203","targetHints":{"allow":["GET"]}}],"collection":[{"href":"https:\/\/www.lec24.es\/index.php\/wp-json\/wp\/v2\/pages"}],"about":[{"href":"https:\/\/www.lec24.es\/index.php\/wp-json\/wp\/v2\/types\/page"}],"author":[{"embeddable":true,"href":"https:\/\/www.lec24.es\/index.php\/wp-json\/wp\/v2\/users\/1"}],"replies":[{"embeddable":true,"href":"https:\/\/www.lec24.es\/index.php\/wp-json\/wp\/v2\/comments?post=203"}],"version-history":[{"count":52,"href":"https:\/\/www.lec24.es\/index.php\/wp-json\/wp\/v2\/pages\/203\/revisions"}],"predecessor-version":[{"id":804,"href":"https:\/\/www.lec24.es\/index.php\/wp-json\/wp\/v2\/pages\/203\/revisions\/804"}],"wp:attachment":[{"href":"https:\/\/www.lec24.es\/index.php\/wp-json\/wp\/v2\/media?parent=203"}],"curies":[{"name":"wp","href":"https:\/\/api.w.org\/{rel}","templated":true}]}}