{"id":848,"date":"2024-02-23T13:04:39","date_gmt":"2024-02-23T12:04:39","guid":{"rendered":"https:\/\/www.lec24.es\/?page_id=848"},"modified":"2024-02-23T13:39:07","modified_gmt":"2024-02-23T12:39:07","slug":"privacidad","status":"publish","type":"page","link":"https:\/\/www.lec24.es\/index.php\/privacidad\/","title":{"rendered":"Aviso Legal y Pol\u00edtica de Privacidad"},"content":{"rendered":"\t\t<div data-elementor-type=\"wp-page\" data-elementor-id=\"848\" class=\"elementor elementor-848\">\n\t\t\t\t\t\t\t\t\t<section class=\"elementor-section elementor-top-section elementor-element elementor-element-41c8f749 elementor-section-content-top elementor-section-stretched elementor-section-boxed elementor-section-height-default elementor-section-height-default\" data-id=\"41c8f749\" data-element_type=\"section\" data-settings=\"{&quot;background_background&quot;:&quot;classic&quot;,&quot;stretch_section&quot;:&quot;section-stretched&quot;}\">\n\t\t\t\t\t\t<div class=\"elementor-container elementor-column-gap-narrow\">\n\t\t\t\t\t<div class=\"elementor-column elementor-col-100 elementor-top-column elementor-element elementor-element-5444fd2f\" data-id=\"5444fd2f\" data-element_type=\"column\" data-settings=\"{&quot;background_background&quot;:&quot;classic&quot;}\">\n\t\t\t<div class=\"elementor-widget-wrap elementor-element-populated\">\n\t\t\t\t\t\t\t\t<section class=\"elementor-section elementor-inner-section elementor-element elementor-element-0fef539 elementor-section-boxed elementor-section-height-default elementor-section-height-default\" data-id=\"0fef539\" data-element_type=\"section\">\n\t\t\t\t\t\t<div class=\"elementor-container elementor-column-gap-default\">\n\t\t\t\t\t<div class=\"elementor-column elementor-col-100 elementor-inner-column elementor-element elementor-element-53284c2\" data-id=\"53284c2\" data-element_type=\"column\">\n\t\t\t<div class=\"elementor-widget-wrap elementor-element-populated\">\n\t\t\t\t\t\t\t\t<div class=\"elementor-element elementor-element-042c211 elementor-widget elementor-widget-text-editor\" data-id=\"042c211\" data-element_type=\"widget\" data-widget_type=\"text-editor.default\">\n\t\t\t\t<div class=\"elementor-widget-container\">\n\t\t\t\t\t\t\t<div><span style=\"color: #333333;\">\u00a0<\/span><\/div><h2><span style=\"color: #333333;\">AVISO LEGAL<\/span><\/h2><p><span style=\"color: #333333;\">En cumplimiento con el deber de informaci\u00f3n recogido en art\u00edculo 10 de la Ley 34\/2002, de 11 de julio, de Servicios de<\/span><br \/><span style=\"color: #333333;\">la Sociedad de la Informaci\u00f3n y del Comercio Electr\u00f3nico (LSSICE), el propietario de la web https:\/\/www.lec24.es\/, le<\/span><br \/><span style=\"color: #333333;\">informa de lo siguiente:<\/span><\/p><ul><li><h6><span style=\"color: #333333;\">Denominaci\u00f3n Social: De la Barca Rodriguez S.L.<\/span><\/h6><\/li><li><h6><span style=\"color: #333333;\">NIF: B01828631<\/span><\/h6><\/li><li><h6><span style=\"color: #333333;\">Domicilio: C\/ Alemania, 7, 28971 &#8211; Gri\u00f1on (Madrid)<\/span><\/h6><\/li><li><h6><span style=\"color: #333333;\">Inscrita en el Registro Mercantil de Madrid al Tomo 40704, folio 23, secci\u00f3n 8, hoja n\u00famero 722305, inscripci\u00f3n 1.<\/span><\/h6><\/li><\/ul><p><span style=\"color: #333333;\">Con los l\u00edmites establecidos en la ley, https:\/\/www.lec24.es\/ no asume ninguna responsabilidad derivada de la falta de<\/span><br \/><span style=\"color: #333333;\">veracidad, integridad, actualizaci\u00f3n y precisi\u00f3n de los datos o informaciones que se contienen en sus p\u00e1ginas de<\/span><br \/><span style=\"color: #333333;\">Internet.<\/span><\/p><p><span style=\"color: #333333;\"><br \/><\/span><span style=\"color: #333333;\">Los contenidos e informaci\u00f3n no vinculan a https:\/\/www.lec24.es\/ ni constituyen opiniones, consejos o asesoramiento<\/span><br \/><span style=\"color: #333333;\">legal de ning\u00fan tipo pues se trata meramente de un servicio ofrecido con car\u00e1cter informativo y divulgativo.<\/span><br \/><span style=\"color: #333333;\">Las p\u00e1ginas de Internet de https:\/\/www.lec24.es\/ pueden contener enlaces (links) a otras p\u00e1ginas de terceras partes<\/span><br \/><span style=\"color: #333333;\">que https:\/\/www.lec24.es\/ no puede controlar. Por lo tanto, https:\/\/www.lec24.es\/ no puede asumir responsabilidades<\/span><br \/><span style=\"color: #333333;\">por el contenido que pueda aparecer en p\u00e1ginas de terceros.<\/span><br \/><span style=\"color: #333333;\"><br \/><\/span><\/p><p><span style=\"color: #333333;\">Los textos, im\u00e1genes, sonidos, animaciones, software y el resto de contenidos incluidos en este website son propiedad<\/span><br \/><span style=\"color: #333333;\">exclusiva de https:\/\/www.lec24.es\/ o sus licenciantes. Cualquier acto de transmisi\u00f3n, distribuci\u00f3n, cesi\u00f3n, reproducci\u00f3n,<\/span><br \/><span style=\"color: #333333;\">almacenamiento o comunicaci\u00f3n p\u00fablica total o parcial, debe contar con el consentimiento expreso de<\/span><br \/><span style=\"color: #333333;\">https:\/\/www.lec24.es\/.<\/span><br \/><span style=\"color: #333333;\"><br \/><\/span><\/p><p><span style=\"color: #333333;\">Asimismo, para acceder a algunos de los servicios que https:\/\/www.lec24.es\/ ofrece a trav\u00e9s del website deber\u00e1<\/span><br \/><span style=\"color: #333333;\">proporcionar algunos datos de car\u00e1cter personal. En cumplimiento de lo establecido en el Reglamento (UE) 2016\/679<\/span><br \/><span style=\"color: #333333;\">del Parlamento Europeo y del Consejo, de 27 de abril de 2016, relativo a la protecci\u00f3n de las personas f\u00edsicas en lo que<\/span><br \/><span style=\"color: #333333;\">respecta al tratamiento de datos personales y a la libre circulaci\u00f3n de estos datos le informamos que, mediante la<\/span><br \/><span style=\"color: #333333;\">cumplimentaci\u00f3n de los presentes formularios, sus datos personales quedar\u00e1n incorporados y ser\u00e1n tratados en los<\/span><br \/><span style=\"color: #333333;\">ficheros de De La Barca Rodriguez 2020 SL con el fin de poderle prestar y ofrecer nuestros servicios as\u00ed como para<\/span><br \/><span style=\"color: #333333;\">informarle de las mejoras del sitio Web. Asimismo, le informamos de la posibilidad de que ejerza los derechos de<\/span><br \/><span style=\"color: #333333;\">acceso, rectificaci\u00f3n, cancelaci\u00f3n y oposici\u00f3n de sus datos de car\u00e1cter personal, manera gratuita mediante email a<\/span><br \/><span style=\"color: #333333;\">lec24lec@gmail.com o en la direcci\u00f3n C\/ Alemania, 7, 28971 &#8211; Gri\u00f1on (Madrid).<\/span><\/p><h2>\u00a0<\/h2><h2><span style=\"color: #333333;\">POL\u00cdTICA DE PRIVACIDAD<\/span><\/h2><p>\u00a0<\/p><p><span style=\"color: #008000;\">Protecci\u00f3n de datos de car\u00e1cter personal seg\u00fan el RGPD<\/span><\/p><p><br \/><span style=\"color: #333333;\">De La Barca Rodriguez 2020 SL, en aplicaci\u00f3n de la normativa vigente en materia de protecci\u00f3n de datos de car\u00e1cter<\/span><br \/><span style=\"color: #333333;\">personal, informa que los datos personales que se recogen a trav\u00e9s de los formularios del Sitio web:<\/span><br \/><span style=\"color: #333333;\">https:\/\/www.lec24.es\/, se incluyen en los ficheros automatizados espec\u00edficos de usuarios de los servicios de De La <\/span><span style=\"color: #333333;\">Barca Rodriguez 2020 S.L.<\/span><\/p><p><span style=\"color: #333333;\">La recogida y tratamiento automatizado de los datos de car\u00e1cter personal tiene como finalidad el mantenimiento de la<\/span><br \/><span style=\"color: #333333;\">relaci\u00f3n comercial y el desempe\u00f1o de tareas de informaci\u00f3n, formaci\u00f3n, asesoramiento y otras actividades propias de<\/span><br \/><span style=\"color: #333333;\">De La Barca Rodriguez 2020 S.L.<\/span><\/p><p><span style=\"color: #333333;\">Estos datos \u00fanicamente ser\u00e1n cedidos a aquellas entidades que sean necesarias con el \u00fanico objetivo de dar <\/span><span style=\"color: #333333;\">cumplimiento a la finalidad anteriormente expuesta.<\/span><\/p><p><span style=\"color: #333333;\">De La Barca Rodriguez 2020 S.L. adopta las medidas necesarias para garantizar la seguridad, integridad y <\/span><span style=\"color: #333333;\">confidencialidad de los datos conforme a lo dispuesto en el Reglamento (UE) 2016\/679 del Parlamento Europeo y del <\/span><span style=\"color: #333333;\">Consejo, de 27 de abril de 2016, relativo a la protecci\u00f3n de las personas f\u00edsicas en lo que respecta al tratamiento de <\/span><span style=\"color: #333333;\">datos personales y a la libre circulaci\u00f3n de los mismos.<\/span><\/p><p><span style=\"color: #333333;\">El usuario podr\u00e1 en cualquier momento ejercitar los derechos de acceso, oposici\u00f3n, rectificaci\u00f3n, cancelaci\u00f3n, limitaci\u00f3n<\/span><br \/><span style=\"color: #333333;\">y portabilidad reconocidos en el citado Reglamento (UE). El ejercicio de estos derechos puede realizarlo el propio<\/span><br \/><span style=\"color: #333333;\">usuario a trav\u00e9s de email a: lec24lec@gmail.com o en la direcci\u00f3n: C\/ Alemania, 7, C.P. 28971 &#8211; Gri\u00f1on (Madrid).<\/span><\/p><p><span style=\"color: #333333;\">El usuario manifiesta que todos los datos facilitados por \u00e9l son ciertos y correctos, y se compromete a mantenerlos<\/span><br \/><span style=\"color: #333333;\">actualizados, comunicando los cambios a De La Barca Rodriguez 2020 SL<\/span><\/p><p><strong><span style=\"color: #333333;\">Finalidad del tratamiento de los datos personales:<\/span><\/strong><\/p><p><br \/><span style=\"color: #008000;\">\u00bfCon qu\u00e9 finalidad trataremos tus datos personales?<\/span><\/p><p><span style=\"color: #333333;\">En De La Barca Rodriguez 2020 SL, trataremos tus datos personales recabados a trav\u00e9s del Sitio Web\u00a0<\/span><br \/><span style=\"color: #333333;\">https:\/\/www.lec24.es\/, con las siguientes finalidades:<\/span><\/p><p><span style=\"color: #333333;\">1. Env\u00edo de informaci\u00f3n comercial y boletines sobre nuevos servicios ofrecidos en la web y del sector.<\/span><br \/><span style=\"color: #333333;\">2. Enviar informaci\u00f3n promocional v\u00eda electr\u00f3nica.<\/span><br \/><span style=\"color: #333333;\">3. Facilitar la informaci\u00f3n solicitada por el usuario a trav\u00e9s del formulario de contacto.<\/span><\/p><p><span style=\"color: #333333;\">Te recordamos que puedes oponerte al env\u00edo de comunicaciones comerciales por cualquier v\u00eda y en cualquier<\/span><br \/><span style=\"color: #333333;\">momento, remitiendo un correo electr\u00f3nico a la direcci\u00f3n anteriormente indicada. <\/span><span style=\"color: #333333;\">Los campos de dichos registros son de cumplimentaci\u00f3n obligatoria, siendo imposible realizar las finalidades<\/span><br \/><span style=\"color: #333333;\">expresadas si no se aportan esos datos.<\/span><\/p><p><span style=\"color: #333333;\">\u00bfPor cu\u00e1nto tiempo se conservan los datos personales recabados?<\/span><\/p><p><span style=\"color: #333333;\">Los datos personales proporcionados se conservar\u00e1n mientras se mantenga la relaci\u00f3n comercial o no solicites su<\/span><br \/><span style=\"color: #333333;\">supresi\u00f3n y durante el plazo por el cu\u00e1l pudieran derivarse responsabilidades legales por los servicios prestados.<\/span><\/p><p><span style=\"color: #008000;\">Legitimaci\u00f3n:<\/span><\/p><p><span style=\"color: #333333;\">El tratamiento de tus datos se realiza con las siguientes bases jur\u00eddicas que legitiman el mismo:<\/span><\/p><p><span style=\"color: #333333;\">1. La solicitud de informaci\u00f3n y\/o la contrataci\u00f3n de los servicios de De La Barca Rodriguez 2020 SL,<\/span><br \/><span style=\"color: #333333;\">cuyos t\u00e9rminos y condiciones se pondr\u00e1n a tu disposici\u00f3n en todo caso, de forma previa a una eventual<\/span><br \/><span style=\"color: #333333;\">contrataci\u00f3n.<\/span><br \/><span style=\"color: #333333;\">2. El consentimiento libre, espec\u00edfico, informado e inequ\u00edvoco, en tanto que te informamos poniendo a tu<\/span><br \/><span style=\"color: #333333;\">disposici\u00f3n la presente pol\u00edtica de privacidad, que tras la lectura de la misma, en caso de estar<\/span><br \/><span style=\"color: #333333;\">conforme, puedes aceptar mediante una declaraci\u00f3n o una clara acci\u00f3n afirmativa, como el marcado<\/span><br \/><span style=\"color: #333333;\">de una casilla dispuesta al efecto.<\/span><\/p><p><span style=\"color: #333333;\">En caso de que no nos facilites tus datos o lo hagas de forma err\u00f3nea o incompleta, no podremos atender tu solicitud,<\/span><br \/><span style=\"color: #333333;\">resultando del todo imposible proporcionarte la informaci\u00f3n solicitada o llevar a cabo la contrataci\u00f3n de los servicios.<\/span><\/p><p><span style=\"color: #008000;\">Destinatarios:<\/span><\/p><p><span style=\"color: #333333;\">Los datos no se comunicar\u00e1n a ning\u00fan tercero ajeno a De La Barca Rodriguez 2020 SL, salvo obligaci\u00f3n legal.<\/span><\/p><p><span style=\"color: #333333;\">Datos recopilados por usuarios de los servicios<\/span><br \/><span style=\"color: #333333;\">En los casos en que el usuario incluya ficheros con datos de car\u00e1cter personal en los servidores de alojamiento<\/span><br \/><span style=\"color: #333333;\">compartido, De La Barca Rodriguez 2020 SL no se hace responsable del incumplimiento por parte del usuario del<\/span><br \/><span style=\"color: #333333;\">RGPD.<\/span><\/p><p><span style=\"color: #008000;\">Retenci\u00f3n de datos en conformidad a la LSSI.<\/span><\/p><p><span style=\"color: #333333;\">De La Barca Rodriguez 2020 SL informa de que, como prestador de servicio de alojamiento de datos y en virtud de lo<\/span><br \/><span style=\"color: #333333;\">establecido en la Ley 34\/2002 de 11 de julio de Servicios de la Sociedad de la Informaci\u00f3n y de Comercio Electr\u00f3nico<\/span><br \/><span style=\"color: #333333;\">(LSSI), retiene por un periodo m\u00e1ximo de 12 meses la informaci\u00f3n imprescindible para identificar el origen de los datos<\/span><br \/><span style=\"color: #333333;\">alojados y el momento en que se inici\u00f3 la prestaci\u00f3n del servicio. La retenci\u00f3n de estos datos no afecta al secreto de las <\/span><span style=\"color: #333333;\">comunicaciones y s\u00f3lo podr\u00e1n ser utilizados en el marco de una investigaci\u00f3n criminal o para la salvaguardia de la<\/span><br \/><span style=\"color: #333333;\">seguridad p\u00fablica, poni\u00e9ndose a disposici\u00f3n de los jueces y\/o tribunales o del Ministerio que as\u00ed los requiera.<\/span><br \/><span style=\"color: #333333;\">La comunicaci\u00f3n de datos a las Fuerzas y Cuerpos del Estado se har\u00e1 en virtud a lo dispuesto en la normativa sobre<\/span><br \/><span style=\"color: #333333;\">protecci\u00f3n de datos personales.<\/span><\/p><p><span style=\"color: #333333;\">Derechos propiedad intelectual https:\/\/www.lec24.es\/<\/span><br \/><span style=\"color: #333333;\">De La Barca Rodriguez 2020 SL es titular de todos los derechos de autor, propiedad intelectual, industrial, &#8220;know how&#8221; y<\/span><br \/><span style=\"color: #333333;\">cuantos otros derechos guardan relaci\u00f3n con los contenidos del sitio web https:\/\/www.lec24.es\/ y los servicios ofertados<\/span><br \/><span style=\"color: #333333;\">en el mismo, as\u00ed como de los programas necesarios para su implementaci\u00f3n y la informaci\u00f3n relacionada.<\/span><br \/><span style=\"color: #333333;\">No se permite la reproducci\u00f3n, publicaci\u00f3n y\/o uso no estrictamente privado de los contenidos, totales o parciales, del <\/span><span style=\"color: #333333;\">sitio web https:\/\/www.lec24.es\/ sin el consentimiento previo y por escrito.<\/span><\/p><p><span style=\"color: #008000;\">Propiedad intelectual del software.<\/span><\/p><p><span style=\"color: #333333;\">El usuario debe respetar los programas de terceros puestos a su disposici\u00f3n por De La Barca Rodriguez 2020 SL, a\u00fan<\/span><br \/><span style=\"color: #333333;\">siendo gratuitos y\/o de disposici\u00f3n p\u00fablica.<\/span><br \/><span style=\"color: #333333;\">De La Barca Rodriguez 2020 SL dispone de los derechos de explotaci\u00f3n y propiedad intelectual necesarios del<\/span><br \/><span style=\"color: #333333;\">software.<\/span><\/p><p><span style=\"color: #333333;\">El usuario no adquiere derecho alguno o licencia por el servicio contratado, sobre el software necesario para la<\/span><br \/><span style=\"color: #333333;\">prestaci\u00f3n del servicio, ni tampoco sobre la informaci\u00f3n t\u00e9cnica de seguimiento del servicio, excepci\u00f3n hecha de los<\/span><br \/><span style=\"color: #333333;\">derechos y licencias necesarios para el cumplimiento de los servicios contratados y \u00fanicamente durante la duraci\u00f3n de <\/span><span style=\"color: #333333;\">los mismos.<\/span><\/p><p><span style=\"color: #333333;\">Para toda actuaci\u00f3n que exceda del cumplimiento del contrato, el usuario necesitar\u00e1 autorizaci\u00f3n por escrito por parte<\/span><br \/><span style=\"color: #333333;\">de De La Barca Rodriguez 2020 SL, quedando prohibido al usuario acceder, modificar, visualizar la configuraci\u00f3n,<\/span><br \/><span style=\"color: #333333;\">estructura y ficheros de los servidores propiedad de De La Barca Rodriguez 2020 SL, asumiendo la responsabilidad<\/span><br \/><span style=\"color: #333333;\">civil y penal derivada de cualquier incidencia que se pudiera producir en los servidores y sistemas de seguridad como<\/span><br \/><span style=\"color: #333333;\">consecuencia directa de una actuaci\u00f3n negligente o maliciosa por su parte.<\/span><\/p><p><span style=\"color: #008000;\">Propiedad intelectual de los contenidos alojados.<\/span><\/p><p><span style=\"color: #333333;\">Se proh\u00edbe el uso contrario a la legislaci\u00f3n sobre propiedad intelectual de los servicios prestados por De La Barca<\/span><br \/><span style=\"color: #333333;\">Rodriguez 2020 SL y, en particular de:<\/span><br \/><span style=\"color: #333333;\">\u2022 La utilizaci\u00f3n que resulte contraria a las leyes espa\u00f1olas o que infrinja los derechos de terceros.<\/span><br \/><span style=\"color: #333333;\">\u2022 La publicaci\u00f3n o la transmisi\u00f3n de cualquier contenido que, a juicio de De La Barca Rodriguez 2020 SL, <\/span><span style=\"color: #333333;\">resulte violento, obsceno, abusivo, ilegal, racial, xen\u00f3fobo o difamatorio.<\/span><br \/><span style=\"color: #333333;\">\u2022 Los cracks, n\u00fameros de serie de programas o cualquier otro contenido que vulnere derechos de la <\/span><span style=\"color: #333333;\">propiedad intelectual de terceros.<\/span><br \/><span style=\"color: #333333;\">\u2022 La recogida y\/o utilizaci\u00f3n de datos personales de otros usuarios sin su consentimiento expreso o <\/span><span style=\"color: #333333;\">contraviniendo lo dispuesto en el Reglamento (UE) 2016\/679 del Parlamento Europeo y del Consejo, de<\/span><br \/><span style=\"color: #333333;\">27 de abril de 2016, relativo a la protecci\u00f3n de las personas f\u00edsicas en lo que respecta al tratamiento de <\/span><span style=\"color: #333333;\">datos personales y a la libre circulaci\u00f3n de los mismos.<\/span><br \/><span style=\"color: #333333;\">\u2022 La utilizaci\u00f3n del servidor de correo del dominio y de las direcciones de correo electr\u00f3nico para el env\u00edo <\/span><span style=\"color: #333333;\">de correo masivo no deseado.<\/span><\/p><p><span style=\"color: #333333;\">El usuario tiene toda la responsabilidad sobre el contenido de su web, la informaci\u00f3n transmitida y almacenada, los<\/span><br \/><span style=\"color: #333333;\">enlaces de hipertexto, las reivindicaciones de terceros y las acciones legales en referencia a propiedad intelectual,<\/span><br \/><span style=\"color: #333333;\">derechos de terceros y protecci\u00f3n de menores.<\/span><\/p><p><span style=\"color: #333333;\">El usuario es responsable respecto a las leyes y reglamentos en vigor y las reglas que tienen que ver con el<\/span><br \/><span style=\"color: #333333;\">funcionamiento del servicio online, comercio electr\u00f3nico, derechos de autor, mantenimiento del orden p\u00fablico, as\u00ed como<\/span><br \/><span style=\"color: #333333;\">principios universales de uso de Internet.<\/span><\/p><p><span style=\"color: #333333;\">El usuario indemnizar\u00e1 a De La Barca Rodriguez 2020 SL por los gastos que generara la imputaci\u00f3n de De La Barca<\/span><br \/><span style=\"color: #333333;\">Rodriguez 2020 SL en alguna causa cuya responsabilidad fuera atribuible al usuario, incluidos honorarios y gastos de<\/span><br \/><span style=\"color: #333333;\">defensa jur\u00eddica, incluso en el caso de una decisi\u00f3n judicial no definitiva.<\/span><\/p><p><span style=\"color: #008000;\">Protecci\u00f3n de la informaci\u00f3n alojada.<\/span><\/p><p><span style=\"color: #333333;\">De La Barca Rodriguez 2020 SL realiza copias de seguridad de los contenidos alojados en sus servidores, sin embargo<\/span><br \/><span style=\"color: #333333;\">no se responsabiliza de la p\u00e9rdida o el borrado accidental de los datos por parte de los usuarios. De igual manera, no<\/span><br \/><span style=\"color: #333333;\">garantiza la reposici\u00f3n total de los datos borrados por los usuarios, ya que los citados datos podr\u00edan haber sido<\/span><br \/><span style=\"color: #333333;\">suprimidos y\/o modificados durante el periodo del tiempo transcurrido desde la \u00faltima copia de seguridad.<\/span><br \/><span style=\"color: #333333;\">Los servicios ofertados, excepto los servicios espec\u00edficos de backup, no incluyen la reposici\u00f3n de los contenidos<\/span><br \/><span style=\"color: #333333;\">conservados en las copias de seguridad realizadas por De La Barca Rodriguez 2020 SL, cuando esta p\u00e9rdida sea<\/span><br \/><span style=\"color: #333333;\">imputable al usuario; en este caso, se determinar\u00e1 una tarifa acorde a la complejidad y volumen de la recuperaci\u00f3n,<\/span><br \/><span style=\"color: #333333;\">siempre previa aceptaci\u00f3n del usuario.<\/span><br \/><span style=\"color: #333333;\">La reposici\u00f3n de datos borrados s\u00f3lo est\u00e1 incluida en el precio del servicio cuando la p\u00e9rdida del contenido sea debida<\/span><br \/><span style=\"color: #333333;\">a causas atribuibles a De La Barca Rodriguez 2020 SL.<\/span><\/p><p><span style=\"color: #008000;\">Comunicaciones comerciales<\/span><\/p><p><span style=\"color: #333333;\">En aplicaci\u00f3n de la LSSI. De La Barca Rodriguez 2020 SL no enviar\u00e1 comunicaciones publicitarias o promocionales por<\/span><br \/><span style=\"color: #333333;\">correo electr\u00f3nico u otro medio de comunicaci\u00f3n electr\u00f3nica equivalente que previamente no hubieran sido solicitadas o<\/span><br \/><span style=\"color: #333333;\">expresamente autorizadas por los destinatarios de las mismas.<\/span><br \/><span style=\"color: #333333;\">En el caso de usuarios con los que exista una relaci\u00f3n contractual previa, De La Barca Rodriguez 2020 SL s\u00ed est\u00e1<\/span><br \/><span style=\"color: #333333;\">autorizado al env\u00edo de comunicaciones comerciales referentes a productos o servicios de De La Barca Rodriguez 2020<\/span><br \/><span style=\"color: #333333;\">SL que sean similares a los que inicialmente fueron objeto de contrataci\u00f3n con el cliente.<\/span><br \/><span style=\"color: #333333;\">En todo caso, el usuario, tras acreditar su identidad, podr\u00e1 solicitar que no se le haga llegar m\u00e1s informaci\u00f3n comercial<\/span><br \/><span style=\"color: #333333;\">a trav\u00e9s de los canales de Atenci\u00f3n al Cliente.<\/span><\/p><p><span style=\"color: #333333;\">\u00a0<\/span><\/p>\t\t\t\t\t\t<\/div>\n\t\t\t\t<\/div>\n\t\t\t\t\t<\/div>\n\t\t<\/div>\n\t\t\t\t\t\t\t<\/div>\n\t\t<\/section>\n\t\t\t\t\t<\/div>\n\t\t<\/div>\n\t\t\t\t\t\t\t<\/div>\n\t\t<\/section>\n\t\t\t\t\t\t\t<\/div>\n\t\t","protected":false},"excerpt":{"rendered":"<p>\u00a0 AVISO LEGAL En cumplimiento con el deber de informaci\u00f3n recogido en art\u00edculo 10 de la Ley 34\/2002, de 11 de julio, de Servicios dela Sociedad de la Informaci\u00f3n y del Comercio Electr\u00f3nico (LSSICE), el propietario de la web https:\/\/www.lec24.es\/, leinforma de lo siguiente: Denominaci\u00f3n Social: De la Barca Rodriguez S.L. NIF: B01828631 Domicilio: C\/ [&hellip;]<\/p>\n","protected":false},"author":1,"featured_media":0,"parent":0,"menu_order":0,"comment_status":"closed","ping_status":"closed","template":"","meta":{"_regular_price":[],"currency_symbol":[],"footnotes":""},"class_list":["post-848","page","type-page","status-publish","hentry"],"post_slider_layout_featured_media_urls":{"thumbnail":"","post_slider_layout_landscape_large":"","post_slider_layout_portrait_large":"","post_slider_layout_square_large":"","post_slider_layout_landscape":"","post_slider_layout_portrait":"","post_slider_layout_square":"","full":""},"_links":{"self":[{"href":"https:\/\/www.lec24.es\/index.php\/wp-json\/wp\/v2\/pages\/848","targetHints":{"allow":["GET"]}}],"collection":[{"href":"https:\/\/www.lec24.es\/index.php\/wp-json\/wp\/v2\/pages"}],"about":[{"href":"https:\/\/www.lec24.es\/index.php\/wp-json\/wp\/v2\/types\/page"}],"author":[{"embeddable":true,"href":"https:\/\/www.lec24.es\/index.php\/wp-json\/wp\/v2\/users\/1"}],"replies":[{"embeddable":true,"href":"https:\/\/www.lec24.es\/index.php\/wp-json\/wp\/v2\/comments?post=848"}],"version-history":[{"count":3,"href":"https:\/\/www.lec24.es\/index.php\/wp-json\/wp\/v2\/pages\/848\/revisions"}],"predecessor-version":[{"id":851,"href":"https:\/\/www.lec24.es\/index.php\/wp-json\/wp\/v2\/pages\/848\/revisions\/851"}],"wp:attachment":[{"href":"https:\/\/www.lec24.es\/index.php\/wp-json\/wp\/v2\/media?parent=848"}],"curies":[{"name":"wp","href":"https:\/\/api.w.org\/{rel}","templated":true}]}}